{"id":6,"date":"2025-06-12T19:29:43","date_gmt":"2025-06-12T17:29:43","guid":{"rendered":"http:\/\/cabinet-infirmier-route-de-saint-cast22.fr\/?page_id=6"},"modified":"2025-06-16T08:34:47","modified_gmt":"2025-06-16T06:34:47","slug":"accueil","status":"publish","type":"page","link":"https:\/\/cabinet-infirmier-route-de-saint-cast22.fr\/","title":{"rendered":"Accueil"},"content":{"rendered":"","protected":false},"excerpt":{"rendered":"","protected":false},"author":1,"featured_media":0,"parent":0,"menu_order":0,"comment_status":"closed","ping_status":"closed","template":"","meta":{"_kad_post_transparent":"","_kad_post_title":"","_kad_post_layout":"","_kad_post_sidebar_id":"","_kad_post_content_style":"","_kad_post_vertical_padding":"","_kad_post_feature":"","_kad_post_feature_position":"","_kad_post_header":false,"_kad_post_footer":false,"footnotes":""},"class_list":["post-6","page","type-page","status-publish","hentry"],"yoast_head":"<!-- This site is optimized with the Yoast SEO plugin v25.3 - https:\/\/yoast.com\/wordpress\/plugins\/seo\/ -->\n<title>Accueil - WordPress<\/title>\n<meta name=\"description\" content=\"Cabinet infirmier situ\u00e9 route de Saint-Cast, soins \u00e0 domicile et au cabinet. Prise de rendez-vous simple et rapide. Infirmi\u00e8re dipl\u00f4m\u00e9e d&#039;\u00c9tat, disponible et \u00e0 l&#039;\u00e9coute.\" \/>\n<meta name=\"robots\" content=\"index, follow, max-snippet:-1, max-image-preview:large, max-video-preview:-1\" \/>\n<link rel=\"canonical\" href=\"https:\/\/cabinet-infirmier-route-de-saint-cast22.fr\/\" \/>\n<meta property=\"og:locale\" content=\"fr_FR\" \/>\n<meta property=\"og:type\" content=\"article\" \/>\n<meta property=\"og:title\" content=\"Accueil - WordPress\" \/>\n<meta property=\"og:description\" content=\"Cabinet infirmier situ\u00e9 route de Saint-Cast, soins \u00e0 domicile et au cabinet. Prise de rendez-vous simple et rapide. Infirmi\u00e8re dipl\u00f4m\u00e9e d&#039;\u00c9tat, disponible et \u00e0 l&#039;\u00e9coute.\" \/>\n<meta property=\"og:url\" content=\"https:\/\/cabinet-infirmier-route-de-saint-cast22.fr\/\" \/>\n<meta property=\"og:site_name\" content=\"WordPress\" \/>\n<meta property=\"article:modified_time\" content=\"2025-06-16T06:34:47+00:00\" \/>\n<meta name=\"twitter:card\" content=\"summary_large_image\" \/>\n<script type=\"application\/ld+json\" class=\"yoast-schema-graph\">{\"@context\":\"https:\/\/schema.org\",\"@graph\":[{\"@type\":\"WebPage\",\"@id\":\"https:\/\/cabinet-infirmier-route-de-saint-cast22.fr\/\",\"url\":\"https:\/\/cabinet-infirmier-route-de-saint-cast22.fr\/\",\"name\":\"Accueil - WordPress\",\"isPartOf\":{\"@id\":\"https:\/\/cabinet-infirmier-route-de-saint-cast22.fr\/#website\"},\"datePublished\":\"2025-06-12T17:29:43+00:00\",\"dateModified\":\"2025-06-16T06:34:47+00:00\",\"description\":\"Cabinet infirmier situ\u00e9 route de Saint-Cast, soins \u00e0 domicile et au cabinet. Prise de rendez-vous simple et rapide. Infirmi\u00e8re dipl\u00f4m\u00e9e d'\u00c9tat, disponible et \u00e0 l'\u00e9coute.\",\"breadcrumb\":{\"@id\":\"https:\/\/cabinet-infirmier-route-de-saint-cast22.fr\/#breadcrumb\"},\"inLanguage\":\"fr-FR\",\"potentialAction\":[{\"@type\":\"ReadAction\",\"target\":[\"https:\/\/cabinet-infirmier-route-de-saint-cast22.fr\/\"]}]},{\"@type\":\"BreadcrumbList\",\"@id\":\"https:\/\/cabinet-infirmier-route-de-saint-cast22.fr\/#breadcrumb\",\"itemListElement\":[{\"@type\":\"ListItem\",\"position\":1,\"name\":\"Accueil\",\"item\":\"https:\/\/cabinet-infirmier-route-de-saint-cast22.fr\/\"},{\"@type\":\"ListItem\",\"position\":2,\"name\":\"Accueil\"}]},{\"@type\":\"WebSite\",\"@id\":\"https:\/\/cabinet-infirmier-route-de-saint-cast22.fr\/#website\",\"url\":\"https:\/\/cabinet-infirmier-route-de-saint-cast22.fr\/\",\"name\":\"WordPress\",\"description\":\"Un site utilisant WordPress\",\"potentialAction\":[{\"@type\":\"SearchAction\",\"target\":{\"@type\":\"EntryPoint\",\"urlTemplate\":\"https:\/\/cabinet-infirmier-route-de-saint-cast22.fr\/?s={search_term_string}\"},\"query-input\":{\"@type\":\"PropertyValueSpecification\",\"valueRequired\":true,\"valueName\":\"search_term_string\"}}],\"inLanguage\":\"fr-FR\"}]}<\/script>\n<!-- \/ Yoast SEO plugin. -->","yoast_head_json":{"title":"Accueil - WordPress","description":"Cabinet infirmier situ\u00e9 route de Saint-Cast, soins \u00e0 domicile et au cabinet. Prise de rendez-vous simple et rapide. Infirmi\u00e8re dipl\u00f4m\u00e9e d'\u00c9tat, disponible et \u00e0 l'\u00e9coute.","robots":{"index":"index","follow":"follow","max-snippet":"max-snippet:-1","max-image-preview":"max-image-preview:large","max-video-preview":"max-video-preview:-1"},"canonical":"https:\/\/cabinet-infirmier-route-de-saint-cast22.fr\/","og_locale":"fr_FR","og_type":"article","og_title":"Accueil - WordPress","og_description":"Cabinet infirmier situ\u00e9 route de Saint-Cast, soins \u00e0 domicile et au cabinet. Prise de rendez-vous simple et rapide. Infirmi\u00e8re dipl\u00f4m\u00e9e d'\u00c9tat, disponible et \u00e0 l'\u00e9coute.","og_url":"https:\/\/cabinet-infirmier-route-de-saint-cast22.fr\/","og_site_name":"WordPress","article_modified_time":"2025-06-16T06:34:47+00:00","twitter_card":"summary_large_image","schema":{"@context":"https:\/\/schema.org","@graph":[{"@type":"WebPage","@id":"https:\/\/cabinet-infirmier-route-de-saint-cast22.fr\/","url":"https:\/\/cabinet-infirmier-route-de-saint-cast22.fr\/","name":"Accueil - WordPress","isPartOf":{"@id":"https:\/\/cabinet-infirmier-route-de-saint-cast22.fr\/#website"},"datePublished":"2025-06-12T17:29:43+00:00","dateModified":"2025-06-16T06:34:47+00:00","description":"Cabinet infirmier situ\u00e9 route de Saint-Cast, soins \u00e0 domicile et au cabinet. Prise de rendez-vous simple et rapide. Infirmi\u00e8re dipl\u00f4m\u00e9e d'\u00c9tat, disponible et \u00e0 l'\u00e9coute.","breadcrumb":{"@id":"https:\/\/cabinet-infirmier-route-de-saint-cast22.fr\/#breadcrumb"},"inLanguage":"fr-FR","potentialAction":[{"@type":"ReadAction","target":["https:\/\/cabinet-infirmier-route-de-saint-cast22.fr\/"]}]},{"@type":"BreadcrumbList","@id":"https:\/\/cabinet-infirmier-route-de-saint-cast22.fr\/#breadcrumb","itemListElement":[{"@type":"ListItem","position":1,"name":"Accueil","item":"https:\/\/cabinet-infirmier-route-de-saint-cast22.fr\/"},{"@type":"ListItem","position":2,"name":"Accueil"}]},{"@type":"WebSite","@id":"https:\/\/cabinet-infirmier-route-de-saint-cast22.fr\/#website","url":"https:\/\/cabinet-infirmier-route-de-saint-cast22.fr\/","name":"WordPress","description":"Un site utilisant WordPress","potentialAction":[{"@type":"SearchAction","target":{"@type":"EntryPoint","urlTemplate":"https:\/\/cabinet-infirmier-route-de-saint-cast22.fr\/?s={search_term_string}"},"query-input":{"@type":"PropertyValueSpecification","valueRequired":true,"valueName":"search_term_string"}}],"inLanguage":"fr-FR"}]}},"_links":{"self":[{"href":"https:\/\/cabinet-infirmier-route-de-saint-cast22.fr\/index.php\/wp-json\/wp\/v2\/pages\/6","targetHints":{"allow":["GET"]}}],"collection":[{"href":"https:\/\/cabinet-infirmier-route-de-saint-cast22.fr\/index.php\/wp-json\/wp\/v2\/pages"}],"about":[{"href":"https:\/\/cabinet-infirmier-route-de-saint-cast22.fr\/index.php\/wp-json\/wp\/v2\/types\/page"}],"author":[{"embeddable":true,"href":"https:\/\/cabinet-infirmier-route-de-saint-cast22.fr\/index.php\/wp-json\/wp\/v2\/users\/1"}],"replies":[{"embeddable":true,"href":"https:\/\/cabinet-infirmier-route-de-saint-cast22.fr\/index.php\/wp-json\/wp\/v2\/comments?post=6"}],"version-history":[{"count":1,"href":"https:\/\/cabinet-infirmier-route-de-saint-cast22.fr\/index.php\/wp-json\/wp\/v2\/pages\/6\/revisions"}],"predecessor-version":[{"id":7,"href":"https:\/\/cabinet-infirmier-route-de-saint-cast22.fr\/index.php\/wp-json\/wp\/v2\/pages\/6\/revisions\/7"}],"wp:attachment":[{"href":"https:\/\/cabinet-infirmier-route-de-saint-cast22.fr\/index.php\/wp-json\/wp\/v2\/media?parent=6"}],"curies":[{"name":"wp","href":"https:\/\/api.w.org\/{rel}","templated":true}]}}